{"id":2222,"date":"2025-04-10T10:47:12","date_gmt":"2025-04-10T08:47:12","guid":{"rendered":"https:\/\/tyra.io\/?page_id=2222"},"modified":"2025-06-25T16:01:43","modified_gmt":"2025-06-25T14:01:43","slug":"guia-digital-la-opcion-preferida-descargatela","status":"publish","type":"page","link":"https:\/\/tyra.io\/es\/centro-de-contenido\/guia-digital-la-opcion-preferida-descargatela\/","title":{"rendered":"Guia digital &#8211; la opcion preferida &#8211; Desc\u00e1rgatela"},"content":{"rendered":"\t\t<div data-elementor-type=\"wp-page\" data-elementor-id=\"2222\" class=\"elementor elementor-2222\" data-elementor-post-type=\"page\">\n\t\t\t\t<div class=\"elementor-element elementor-element-3aa1e2e e-flex e-con-boxed e-con e-parent\" data-id=\"3aa1e2e\" data-element_type=\"container\" data-e-type=\"container\" data-settings=\"{&quot;background_background&quot;:&quot;classic&quot;}\">\n\t\t\t\t\t<div class=\"e-con-inner\">\n\t\t\t\t<div class=\"elementor-element elementor-element-5c44a74 elementor-widget elementor-widget-spacer\" data-id=\"5c44a74\" data-element_type=\"widget\" data-e-type=\"widget\" data-widget_type=\"spacer.default\">\n\t\t\t\t<div class=\"elementor-widget-container\">\n\t\t\t\t\t\t\t<div class=\"elementor-spacer\">\n\t\t\t<div class=\"elementor-spacer-inner\"><\/div>\n\t\t<\/div>\n\t\t\t\t\t\t<\/div>\n\t\t\t\t<\/div>\n\t\t\t\t\t<\/div>\n\t\t\t\t<\/div>\n\t\t<div class=\"elementor-element elementor-element-4eaa3f44 e-con-full e-flex e-con e-parent\" data-id=\"4eaa3f44\" data-element_type=\"container\" data-e-type=\"container\" data-settings=\"{&quot;background_background&quot;:&quot;classic&quot;}\">\n\t\t<div class=\"elementor-element elementor-element-2455a e-con-full e-flex e-con e-child\" data-id=\"2455a\" data-element_type=\"container\" data-e-type=\"container\">\n\t\t\t\t<div class=\"elementor-element elementor-element-a8d8a4d elementor-widget elementor-widget-text-editor\" data-id=\"a8d8a4d\" data-element_type=\"widget\" data-e-type=\"widget\" data-widget_type=\"text-editor.default\">\n\t\t\t\t<div class=\"elementor-widget-container\">\n\t\t\t\t\t\t\t\t\t<p>GU\u00cdA DIGITAL<\/p>\t\t\t\t\t\t\t\t<\/div>\n\t\t\t\t<\/div>\n\t\t\t\t<div class=\"elementor-element elementor-element-7473972 elementor-widget__width-initial elementor-widget elementor-widget-heading\" data-id=\"7473972\" data-element_type=\"widget\" data-e-type=\"widget\" data-widget_type=\"heading.default\">\n\t\t\t\t<div class=\"elementor-widget-container\">\n\t\t\t\t\t<h1 class=\"elementor-heading-title elementor-size-default\">5 consejos para hacer que tu escuela infantil sea la opci\u00f3n preferida entre las familias<\/h1>\t\t\t\t<\/div>\n\t\t\t\t<\/div>\n\t\t\t\t<div class=\"elementor-element elementor-element-4b4b365a elementor-widget elementor-widget-text-editor\" data-id=\"4b4b365a\" data-element_type=\"widget\" data-e-type=\"widget\" data-widget_type=\"text-editor.default\">\n\t\t\t\t<div class=\"elementor-widget-container\">\n\t\t\t\t\t\t\t\t\t<p><span style=\"font-weight: 400;\">\u00a1Mejora el atractivo de tu escuela infantil con nuestra gu\u00eda digital! Descubre 5 estrategias expertas para atraer familias y destacarte en el mercado actual.<\/span><\/p>\t\t\t\t\t\t\t\t<\/div>\n\t\t\t\t<\/div>\n\t\t\t\t<\/div>\n\t\t<div class=\"elementor-element elementor-element-7b59c343 e-con-full e-flex e-con e-child\" data-id=\"7b59c343\" data-element_type=\"container\" data-e-type=\"container\">\n\t\t\t\t<div class=\"elementor-element elementor-element-3168ea4e elementor-widget elementor-widget-image\" data-id=\"3168ea4e\" data-element_type=\"widget\" data-e-type=\"widget\" data-widget_type=\"image.default\">\n\t\t\t\t<div class=\"elementor-widget-container\">\n\t\t\t\t\t\t\t\t\t\t\t\t\t\t\t<img fetchpriority=\"high\" decoding=\"async\" width=\"800\" height=\"651\" src=\"https:\/\/i0.wp.com\/tyra.io\/wp-content\/uploads\/2025\/04\/ES-guia-digital-top-choice-2.jpg?fit=800%2C651&amp;ssl=1\" class=\"attachment-large size-large wp-image-2231\" alt=\"GU\u00cdA DIGITAL\" srcset=\"https:\/\/i0.wp.com\/tyra.io\/wp-content\/uploads\/2025\/04\/ES-guia-digital-top-choice-2.jpg?w=1027&amp;ssl=1 1027w, https:\/\/i0.wp.com\/tyra.io\/wp-content\/uploads\/2025\/04\/ES-guia-digital-top-choice-2.jpg?resize=300%2C244&amp;ssl=1 300w, https:\/\/i0.wp.com\/tyra.io\/wp-content\/uploads\/2025\/04\/ES-guia-digital-top-choice-2.jpg?resize=1024%2C833&amp;ssl=1 1024w, https:\/\/i0.wp.com\/tyra.io\/wp-content\/uploads\/2025\/04\/ES-guia-digital-top-choice-2.jpg?resize=768%2C624&amp;ssl=1 768w\" sizes=\"(max-width: 800px) 100vw, 800px\" \/>\t\t\t\t\t\t\t\t\t\t\t\t\t\t\t<\/div>\n\t\t\t\t<\/div>\n\t\t\t\t<\/div>\n\t\t\t\t<\/div>\n\t\t<div class=\"elementor-element elementor-element-3790be6d e-flex e-con-boxed e-con e-parent\" data-id=\"3790be6d\" data-element_type=\"container\" data-e-type=\"container\" data-settings=\"{&quot;background_background&quot;:&quot;classic&quot;}\">\n\t\t\t\t\t<div class=\"e-con-inner\">\n\t\t\t\t<div class=\"elementor-element elementor-element-1b0ca187 elementor-widget elementor-widget-heading\" data-id=\"1b0ca187\" data-element_type=\"widget\" data-e-type=\"widget\" data-widget_type=\"heading.default\">\n\t\t\t\t<div class=\"elementor-widget-container\">\n\t\t\t\t\t<h2 class=\"elementor-heading-title elementor-size-default\">\u00a1Descarga la gu\u00eda!<\/h2>\t\t\t\t<\/div>\n\t\t\t\t<\/div>\n\t\t\t\t<div class=\"elementor-element elementor-element-4962dc9 elementor-button-align-start elementor-tablet-button-align-start elementor-mobile-button-align-start elementor-widget elementor-widget-form\" data-id=\"4962dc9\" data-element_type=\"widget\" data-e-type=\"widget\" data-settings=\"{&quot;step_next_label&quot;:&quot;Next&quot;,&quot;step_previous_label&quot;:&quot;Previous&quot;,&quot;button_width&quot;:&quot;100&quot;,&quot;step_type&quot;:&quot;number_text&quot;,&quot;step_icon_shape&quot;:&quot;circle&quot;}\" data-widget_type=\"form.default\">\n\t\t\t\t<div class=\"elementor-widget-container\">\n\t\t\t\t\t\t\t<form class=\"elementor-form\" method=\"post\" id=\"ES_guia_topchoice\" name=\"ES guia top choice download\" aria-label=\"ES guia top choice download\">\n\t\t\t<input type=\"hidden\" name=\"post_id\" value=\"2222\"\/>\n\t\t\t<input type=\"hidden\" name=\"form_id\" value=\"4962dc9\"\/>\n\t\t\t<input type=\"hidden\" name=\"referer_title\" value=\"TYRA\" \/>\n\n\t\t\t\n\t\t\t<div class=\"elementor-form-fields-wrapper elementor-labels-\">\n\t\t\t\t\t\t\t\t<div class=\"elementor-field-type-text elementor-field-group elementor-column elementor-field-group-name elementor-col-100 elementor-sm-100 elementor-field-required\">\n\t\t\t\t\t\t\t\t\t\t\t\t<label for=\"form-field-name\" class=\"elementor-field-label elementor-screen-only\">\n\t\t\t\t\t\t\t\tTu nombre\t\t\t\t\t\t\t<\/label>\n\t\t\t\t\t\t\t\t\t\t\t\t\t\t<input size=\"1\" type=\"text\" name=\"form_fields[name]\" id=\"form-field-name\" class=\"elementor-field elementor-size-xs  elementor-field-textual\" placeholder=\"Tu nombre\" required=\"required\">\n\t\t\t\t\t\t\t\t\t\t\t<\/div>\n\t\t\t\t\t\t\t\t<div class=\"elementor-field-type-email elementor-field-group elementor-column elementor-field-group-email elementor-col-100 elementor-md-100 elementor-field-required\">\n\t\t\t\t\t\t\t\t\t\t\t\t<label for=\"form-field-email\" class=\"elementor-field-label elementor-screen-only\">\n\t\t\t\t\t\t\t\tTu email\t\t\t\t\t\t\t<\/label>\n\t\t\t\t\t\t\t\t\t\t\t\t\t\t<input size=\"1\" type=\"email\" name=\"form_fields[email]\" id=\"form-field-email\" class=\"elementor-field elementor-size-xs  elementor-field-textual\" placeholder=\"Tu email\" required=\"required\">\n\t\t\t\t\t\t\t\t\t\t\t<\/div>\n\t\t\t\t\t\t\t\t<div class=\"elementor-field-type-text elementor-field-group elementor-column elementor-field-group-field_aa082d4 elementor-col-100 elementor-md-100 elementor-field-required\">\n\t\t\t\t\t\t\t\t\t\t\t\t<label for=\"form-field-field_aa082d4\" class=\"elementor-field-label elementor-screen-only\">\n\t\t\t\t\t\t\t\tN\u00famero de tel\u00e9fono\t\t\t\t\t\t\t<\/label>\n\t\t\t\t\t\t\t\t\t\t\t\t\t\t<input size=\"1\" type=\"text\" name=\"form_fields[field_aa082d4]\" id=\"form-field-field_aa082d4\" class=\"elementor-field elementor-size-xs  elementor-field-textual\" placeholder=\"N\u00famero de tel\u00e9fono\" required=\"required\">\n\t\t\t\t\t\t\t\t\t\t\t<\/div>\n\t\t\t\t\t\t\t\t<div class=\"elementor-field-type-select elementor-field-group elementor-column elementor-field-group-field_11a3941 elementor-col-100 elementor-field-required\">\n\t\t\t\t\t\t\t\t\t\t\t\t<label for=\"form-field-field_11a3941\" class=\"elementor-field-label elementor-screen-only\">\n\t\t\t\t\t\t\t\t\u00bfQui\u00e9n eres?\t\t\t\t\t\t\t<\/label>\n\t\t\t\t\t\t\t\t<div class=\"elementor-field elementor-select-wrapper remove-before \">\n\t\t\t<div class=\"select-caret-down-wrapper\">\n\t\t\t\t<svg aria-hidden=\"true\" class=\"e-font-icon-svg e-eicon-caret-down\" viewBox=\"0 0 571.4 571.4\" xmlns=\"http:\/\/www.w3.org\/2000\/svg\"><path d=\"M571 393Q571 407 561 418L311 668Q300 679 286 679T261 668L11 418Q0 407 0 393T11 368 36 357H536Q550 357 561 368T571 393Z\"><\/path><\/svg>\t\t\t<\/div>\n\t\t\t<select name=\"form_fields[field_11a3941]\" id=\"form-field-field_11a3941\" class=\"elementor-field-textual elementor-size-xs\" required=\"required\">\n\t\t\t\t\t\t\t\t\t<option value=\"Profesora escuela infantil\">Profesora escuela infantil<\/option>\n\t\t\t\t\t\t\t\t\t<option value=\"Directora escuela infantil\">Directora escuela infantil<\/option>\n\t\t\t\t\t\t\t\t\t<option value=\"Madre o Padre\">Madre o Padre<\/option>\n\t\t\t\t\t\t\t<\/select>\n\t\t<\/div>\n\t\t\t\t\t\t<\/div>\n\t\t\t\t\t\t\t\t<div class=\"elementor-field-type-checkbox elementor-field-group elementor-column elementor-field-group-field_fee8db0 elementor-col-100 elementor-md-100\">\n\t\t\t\t\t\t\t\t\t\t\t\t<label for=\"form-field-field_fee8db0\" class=\"elementor-field-label elementor-screen-only\">\n\t\t\t\t\t\t\t\tConsent\t\t\t\t\t\t\t<\/label>\n\t\t\t\t\t\t<div class=\"elementor-field-subgroup  \"><span class=\"elementor-field-option\"><input type=\"checkbox\" value=\"Al hacer clic a continuaci\u00f3n, confirmas que has le\u00eddo y aceptas nuestra Pol\u00edtica de Privacidad y das tu consentimiento para que Bayou Education and Technology SL almacene y procese los datos personales anteriores para poder brindar el servicio solicitado. El responsable del tratamiento de los datos es Bayou Education and Technology SL y la finalidad es atender las consultas que nos planteas en el formulario.\" id=\"form-field-field_fee8db0-0\" name=\"form_fields[field_fee8db0]\"> <label for=\"form-field-field_fee8db0-0\">Al hacer clic a continuaci\u00f3n, confirmas que has le\u00eddo y aceptas nuestra Pol\u00edtica de Privacidad y das tu consentimiento para que Bayou Education and Technology SL almacene y procese los datos personales anteriores para poder brindar el servicio solicitado. El responsable del tratamiento de los datos es Bayou Education and Technology SL y la finalidad es atender las consultas que nos planteas en el formulario.<\/label><\/span><\/div>\t\t\t\t<\/div>\n\t\t\t\t\t\t\t\t<div class=\"elementor-field-type-hidden elementor-field-group elementor-column elementor-field-group-field_4ee65b8 elementor-col-100\">\n\t\t\t\t\t\t\t\t\t\t\t\t\t<input size=\"1\" type=\"hidden\" name=\"form_fields[field_4ee65b8]\" id=\"form-field-field_4ee65b8\" class=\"elementor-field elementor-size-xs  elementor-field-textual\">\n\t\t\t\t\t\t\t\t\t\t\t<\/div>\n\t\t\t\t\t\t\t\t<div class=\"elementor-field-type-hidden elementor-field-group elementor-column elementor-field-group-field_0b357c7 elementor-col-100\">\n\t\t\t\t\t\t\t\t\t\t\t\t\t<input size=\"1\" type=\"hidden\" name=\"form_fields[field_0b357c7]\" id=\"form-field-field_0b357c7\" class=\"elementor-field elementor-size-xs  elementor-field-textual\">\n\t\t\t\t\t\t\t\t\t\t\t<\/div>\n\t\t\t\t\t\t\t\t<div class=\"elementor-field-type-hidden elementor-field-group elementor-column elementor-field-group-field_a57a1a5 elementor-col-100\">\n\t\t\t\t\t\t\t\t\t\t\t\t\t<input size=\"1\" type=\"hidden\" name=\"form_fields[field_a57a1a5]\" id=\"form-field-field_a57a1a5\" class=\"elementor-field elementor-size-xs  elementor-field-textual\">\n\t\t\t\t\t\t\t\t\t\t\t<\/div>\n\t\t\t\t\t\t\t\t<div class=\"elementor-field-group elementor-column elementor-field-type-submit elementor-col-100 e-form__buttons\">\n\t\t\t\t\t<button class=\"elementor-button elementor-size-md elementor-animation-grow\" type=\"submit\">\n\t\t\t\t\t\t<span class=\"elementor-button-content-wrapper\">\n\t\t\t\t\t\t\t\t\t\t\t\t\t\t\t\t\t\t\t\t\t\t<span class=\"elementor-button-text\">Desc\u00e1rgatela<\/span>\n\t\t\t\t\t\t\t\t\t\t\t\t\t<\/span>\n\t\t\t\t\t<\/button>\n\t\t\t\t<\/div>\n\t\t\t<\/div>\n\t\t<\/form>\n\t\t\t\t\t\t<\/div>\n\t\t\t\t<\/div>\n\t\t\t\t\t<\/div>\n\t\t\t\t<\/div>\n\t\t<div class=\"elementor-element elementor-element-800d3f6 e-flex e-con-boxed e-con e-parent\" data-id=\"800d3f6\" data-element_type=\"container\" data-e-type=\"container\" data-settings=\"{&quot;background_background&quot;:&quot;classic&quot;}\">\n\t\t\t\t\t<div class=\"e-con-inner\">\n\t\t\t\t<div class=\"elementor-element elementor-element-c2055ed elementor-widget elementor-widget-spacer\" data-id=\"c2055ed\" data-element_type=\"widget\" data-e-type=\"widget\" data-widget_type=\"spacer.default\">\n\t\t\t\t<div class=\"elementor-widget-container\">\n\t\t\t\t\t\t\t<div class=\"elementor-spacer\">\n\t\t\t<div class=\"elementor-spacer-inner\"><\/div>\n\t\t<\/div>\n\t\t\t\t\t\t<\/div>\n\t\t\t\t<\/div>\n\t\t\t\t\t<\/div>\n\t\t\t\t<\/div>\n\t\t\t\t<\/div>\n\t\t","protected":false},"excerpt":{"rendered":"<p>GU\u00cdA DIGITAL 5 consejos para hacer que tu escuela infantil sea la opci\u00f3n preferida entre las familias \u00a1Mejora el atractivo de tu escuela infantil con nuestra gu\u00eda digital! Descubre 5 estrategias expertas para atraer familias y destacarte en el mercado actual. \u00a1Descarga la gu\u00eda!<\/p>\n","protected":false},"author":238501017,"featured_media":3522,"parent":2106,"menu_order":0,"comment_status":"closed","ping_status":"closed","template":"","meta":{"_crdt_document":"","footnotes":""},"class_list":["post-2222","page","type-page","status-publish","has-post-thumbnail","hentry"],"yoast_head":"<!-- This site is optimized with the Yoast SEO plugin v27.3 - https:\/\/yoast.com\/product\/yoast-seo-wordpress\/ -->\n<title>Guia digital - la opcion preferida - Desc\u00e1rgatela - TYRA<\/title>\n<meta name=\"robots\" content=\"index, follow, max-snippet:-1, max-image-preview:large, max-video-preview:-1\" \/>\n<link rel=\"canonical\" href=\"https:\/\/tyra.io\/es\/centro-de-contenido\/guia-digital-la-opcion-preferida-descargatela\/\" \/>\n<meta property=\"og:locale\" content=\"es_ES\" \/>\n<meta property=\"og:type\" content=\"article\" \/>\n<meta property=\"og:title\" content=\"Guia digital - la opcion preferida - Desc\u00e1rgatela - TYRA\" \/>\n<meta property=\"og:description\" content=\"GU\u00cdA DIGITAL 5 consejos para hacer que tu escuela infantil sea la opci\u00f3n preferida entre las familias \u00a1Mejora el atractivo de tu escuela infantil con nuestra gu\u00eda digital! Descubre 5 estrategias expertas para atraer familias y destacarte en el mercado actual. \u00a1Descarga la gu\u00eda!\" \/>\n<meta property=\"og:url\" content=\"https:\/\/tyra.io\/es\/centro-de-contenido\/guia-digital-la-opcion-preferida-descargatela\/\" \/>\n<meta property=\"og:site_name\" content=\"TYRA\" \/>\n<meta property=\"article:modified_time\" content=\"2025-06-25T14:01:43+00:00\" \/>\n<meta property=\"og:image\" content=\"https:\/\/i0.wp.com\/tyra.io\/wp-content\/uploads\/2025\/06\/ES-guia-digital-top-choic.jpg?fit=1027%2C835&ssl=1\" \/>\n\t<meta property=\"og:image:width\" content=\"1027\" \/>\n\t<meta property=\"og:image:height\" content=\"835\" \/>\n\t<meta property=\"og:image:type\" content=\"image\/jpeg\" \/>\n<meta name=\"twitter:card\" content=\"summary_large_image\" \/>\n<script type=\"application\/ld+json\" class=\"yoast-schema-graph\">{\"@context\":\"https:\\\/\\\/schema.org\",\"@graph\":[{\"@type\":\"WebPage\",\"@id\":\"https:\\\/\\\/tyra.io\\\/es\\\/centro-de-contenido\\\/guia-digital-la-opcion-preferida-descargatela\\\/\",\"url\":\"https:\\\/\\\/tyra.io\\\/es\\\/centro-de-contenido\\\/guia-digital-la-opcion-preferida-descargatela\\\/\",\"name\":\"Guia digital - la opcion preferida - Desc\u00e1rgatela - TYRA\",\"isPartOf\":{\"@id\":\"https:\\\/\\\/tyra.io\\\/#website\"},\"primaryImageOfPage\":{\"@id\":\"https:\\\/\\\/tyra.io\\\/es\\\/centro-de-contenido\\\/guia-digital-la-opcion-preferida-descargatela\\\/#primaryimage\"},\"image\":{\"@id\":\"https:\\\/\\\/tyra.io\\\/es\\\/centro-de-contenido\\\/guia-digital-la-opcion-preferida-descargatela\\\/#primaryimage\"},\"thumbnailUrl\":\"https:\\\/\\\/i0.wp.com\\\/tyra.io\\\/wp-content\\\/uploads\\\/2025\\\/06\\\/ES-guia-digital-top-choic.jpg?fit=1027%2C835&ssl=1\",\"datePublished\":\"2025-04-10T08:47:12+00:00\",\"dateModified\":\"2025-06-25T14:01:43+00:00\",\"breadcrumb\":{\"@id\":\"https:\\\/\\\/tyra.io\\\/es\\\/centro-de-contenido\\\/guia-digital-la-opcion-preferida-descargatela\\\/#breadcrumb\"},\"inLanguage\":\"es\",\"potentialAction\":[{\"@type\":\"ReadAction\",\"target\":[\"https:\\\/\\\/tyra.io\\\/es\\\/centro-de-contenido\\\/guia-digital-la-opcion-preferida-descargatela\\\/\"]}]},{\"@type\":\"ImageObject\",\"inLanguage\":\"es\",\"@id\":\"https:\\\/\\\/tyra.io\\\/es\\\/centro-de-contenido\\\/guia-digital-la-opcion-preferida-descargatela\\\/#primaryimage\",\"url\":\"https:\\\/\\\/i0.wp.com\\\/tyra.io\\\/wp-content\\\/uploads\\\/2025\\\/06\\\/ES-guia-digital-top-choic.jpg?fit=1027%2C835&ssl=1\",\"contentUrl\":\"https:\\\/\\\/i0.wp.com\\\/tyra.io\\\/wp-content\\\/uploads\\\/2025\\\/06\\\/ES-guia-digital-top-choic.jpg?fit=1027%2C835&ssl=1\",\"width\":1027,\"height\":835},{\"@type\":\"BreadcrumbList\",\"@id\":\"https:\\\/\\\/tyra.io\\\/es\\\/centro-de-contenido\\\/guia-digital-la-opcion-preferida-descargatela\\\/#breadcrumb\",\"itemListElement\":[{\"@type\":\"ListItem\",\"position\":1,\"name\":\"Home\",\"item\":\"https:\\\/\\\/tyra.io\\\/es\\\/\"},{\"@type\":\"ListItem\",\"position\":2,\"name\":\"Centro de contenido\",\"item\":\"https:\\\/\\\/tyra.io\\\/es\\\/centro-de-contenido\\\/\"},{\"@type\":\"ListItem\",\"position\":3,\"name\":\"Guia digital &#8211; la opcion preferida &#8211; Desc\u00e1rgatela\"}]},{\"@type\":\"WebSite\",\"@id\":\"https:\\\/\\\/tyra.io\\\/#website\",\"url\":\"https:\\\/\\\/tyra.io\\\/\",\"name\":\"TYRA\",\"description\":\"\",\"publisher\":{\"@id\":\"https:\\\/\\\/tyra.io\\\/#organization\"},\"potentialAction\":[{\"@type\":\"SearchAction\",\"target\":{\"@type\":\"EntryPoint\",\"urlTemplate\":\"https:\\\/\\\/tyra.io\\\/?s={search_term_string}\"},\"query-input\":{\"@type\":\"PropertyValueSpecification\",\"valueRequired\":true,\"valueName\":\"search_term_string\"}}],\"inLanguage\":\"es\"},{\"@type\":\"Organization\",\"@id\":\"https:\\\/\\\/tyra.io\\\/#organization\",\"name\":\"TYRA\",\"url\":\"https:\\\/\\\/tyra.io\\\/\",\"logo\":{\"@type\":\"ImageObject\",\"inLanguage\":\"es\",\"@id\":\"https:\\\/\\\/tyra.io\\\/#\\\/schema\\\/logo\\\/image\\\/\",\"url\":\"https:\\\/\\\/i0.wp.com\\\/tyra.io\\\/wp-content\\\/uploads\\\/2025\\\/02\\\/Tyra-logo-500x170-3.png?fit=500%2C170&ssl=1\",\"contentUrl\":\"https:\\\/\\\/i0.wp.com\\\/tyra.io\\\/wp-content\\\/uploads\\\/2025\\\/02\\\/Tyra-logo-500x170-3.png?fit=500%2C170&ssl=1\",\"width\":500,\"height\":170,\"caption\":\"TYRA\"},\"image\":{\"@id\":\"https:\\\/\\\/tyra.io\\\/#\\\/schema\\\/logo\\\/image\\\/\"}}]}<\/script>\n<!-- \/ Yoast SEO plugin. -->","yoast_head_json":{"title":"Guia digital - la opcion preferida - Desc\u00e1rgatela - TYRA","robots":{"index":"index","follow":"follow","max-snippet":"max-snippet:-1","max-image-preview":"max-image-preview:large","max-video-preview":"max-video-preview:-1"},"canonical":"https:\/\/tyra.io\/es\/centro-de-contenido\/guia-digital-la-opcion-preferida-descargatela\/","og_locale":"es_ES","og_type":"article","og_title":"Guia digital - la opcion preferida - Desc\u00e1rgatela - TYRA","og_description":"GU\u00cdA DIGITAL 5 consejos para hacer que tu escuela infantil sea la opci\u00f3n preferida entre las familias \u00a1Mejora el atractivo de tu escuela infantil con nuestra gu\u00eda digital! Descubre 5 estrategias expertas para atraer familias y destacarte en el mercado actual. \u00a1Descarga la gu\u00eda!","og_url":"https:\/\/tyra.io\/es\/centro-de-contenido\/guia-digital-la-opcion-preferida-descargatela\/","og_site_name":"TYRA","article_modified_time":"2025-06-25T14:01:43+00:00","og_image":[{"width":1027,"height":835,"url":"https:\/\/i0.wp.com\/tyra.io\/wp-content\/uploads\/2025\/06\/ES-guia-digital-top-choic.jpg?fit=1027%2C835&ssl=1","type":"image\/jpeg"}],"twitter_card":"summary_large_image","schema":{"@context":"https:\/\/schema.org","@graph":[{"@type":"WebPage","@id":"https:\/\/tyra.io\/es\/centro-de-contenido\/guia-digital-la-opcion-preferida-descargatela\/","url":"https:\/\/tyra.io\/es\/centro-de-contenido\/guia-digital-la-opcion-preferida-descargatela\/","name":"Guia digital - la opcion preferida - Desc\u00e1rgatela - TYRA","isPartOf":{"@id":"https:\/\/tyra.io\/#website"},"primaryImageOfPage":{"@id":"https:\/\/tyra.io\/es\/centro-de-contenido\/guia-digital-la-opcion-preferida-descargatela\/#primaryimage"},"image":{"@id":"https:\/\/tyra.io\/es\/centro-de-contenido\/guia-digital-la-opcion-preferida-descargatela\/#primaryimage"},"thumbnailUrl":"https:\/\/i0.wp.com\/tyra.io\/wp-content\/uploads\/2025\/06\/ES-guia-digital-top-choic.jpg?fit=1027%2C835&ssl=1","datePublished":"2025-04-10T08:47:12+00:00","dateModified":"2025-06-25T14:01:43+00:00","breadcrumb":{"@id":"https:\/\/tyra.io\/es\/centro-de-contenido\/guia-digital-la-opcion-preferida-descargatela\/#breadcrumb"},"inLanguage":"es","potentialAction":[{"@type":"ReadAction","target":["https:\/\/tyra.io\/es\/centro-de-contenido\/guia-digital-la-opcion-preferida-descargatela\/"]}]},{"@type":"ImageObject","inLanguage":"es","@id":"https:\/\/tyra.io\/es\/centro-de-contenido\/guia-digital-la-opcion-preferida-descargatela\/#primaryimage","url":"https:\/\/i0.wp.com\/tyra.io\/wp-content\/uploads\/2025\/06\/ES-guia-digital-top-choic.jpg?fit=1027%2C835&ssl=1","contentUrl":"https:\/\/i0.wp.com\/tyra.io\/wp-content\/uploads\/2025\/06\/ES-guia-digital-top-choic.jpg?fit=1027%2C835&ssl=1","width":1027,"height":835},{"@type":"BreadcrumbList","@id":"https:\/\/tyra.io\/es\/centro-de-contenido\/guia-digital-la-opcion-preferida-descargatela\/#breadcrumb","itemListElement":[{"@type":"ListItem","position":1,"name":"Home","item":"https:\/\/tyra.io\/es\/"},{"@type":"ListItem","position":2,"name":"Centro de contenido","item":"https:\/\/tyra.io\/es\/centro-de-contenido\/"},{"@type":"ListItem","position":3,"name":"Guia digital &#8211; la opcion preferida &#8211; Desc\u00e1rgatela"}]},{"@type":"WebSite","@id":"https:\/\/tyra.io\/#website","url":"https:\/\/tyra.io\/","name":"TYRA","description":"","publisher":{"@id":"https:\/\/tyra.io\/#organization"},"potentialAction":[{"@type":"SearchAction","target":{"@type":"EntryPoint","urlTemplate":"https:\/\/tyra.io\/?s={search_term_string}"},"query-input":{"@type":"PropertyValueSpecification","valueRequired":true,"valueName":"search_term_string"}}],"inLanguage":"es"},{"@type":"Organization","@id":"https:\/\/tyra.io\/#organization","name":"TYRA","url":"https:\/\/tyra.io\/","logo":{"@type":"ImageObject","inLanguage":"es","@id":"https:\/\/tyra.io\/#\/schema\/logo\/image\/","url":"https:\/\/i0.wp.com\/tyra.io\/wp-content\/uploads\/2025\/02\/Tyra-logo-500x170-3.png?fit=500%2C170&ssl=1","contentUrl":"https:\/\/i0.wp.com\/tyra.io\/wp-content\/uploads\/2025\/02\/Tyra-logo-500x170-3.png?fit=500%2C170&ssl=1","width":500,"height":170,"caption":"TYRA"},"image":{"@id":"https:\/\/tyra.io\/#\/schema\/logo\/image\/"}}]}},"jetpack_sharing_enabled":true,"jetpack_shortlink":"https:\/\/wp.me\/Pgaxyz-zQ","_links":{"self":[{"href":"https:\/\/tyra.io\/es\/wp-json\/wp\/v2\/pages\/2222","targetHints":{"allow":["GET"]}}],"collection":[{"href":"https:\/\/tyra.io\/es\/wp-json\/wp\/v2\/pages"}],"about":[{"href":"https:\/\/tyra.io\/es\/wp-json\/wp\/v2\/types\/page"}],"author":[{"embeddable":true,"href":"https:\/\/tyra.io\/es\/wp-json\/wp\/v2\/users\/238501017"}],"replies":[{"embeddable":true,"href":"https:\/\/tyra.io\/es\/wp-json\/wp\/v2\/comments?post=2222"}],"version-history":[{"count":53,"href":"https:\/\/tyra.io\/es\/wp-json\/wp\/v2\/pages\/2222\/revisions"}],"predecessor-version":[{"id":4158,"href":"https:\/\/tyra.io\/es\/wp-json\/wp\/v2\/pages\/2222\/revisions\/4158"}],"up":[{"embeddable":true,"href":"https:\/\/tyra.io\/es\/wp-json\/wp\/v2\/pages\/2106"}],"wp:featuredmedia":[{"embeddable":true,"href":"https:\/\/tyra.io\/es\/wp-json\/wp\/v2\/media\/3522"}],"wp:attachment":[{"href":"https:\/\/tyra.io\/es\/wp-json\/wp\/v2\/media?parent=2222"}],"curies":[{"name":"wp","href":"https:\/\/api.w.org\/{rel}","templated":true}]}}